{"id":151,"date":"2025-09-23T20:17:50","date_gmt":"2025-09-23T18:17:50","guid":{"rendered":"https:\/\/support.contentcrea.com\/faq-produit\/"},"modified":"2025-10-06T17:48:23","modified_gmt":"2025-10-06T15:48:23","slug":"faq-produit","status":"publish","type":"page","link":"https:\/\/support.contentcrea.com\/fr\/faq-produit\/","title":{"rendered":"FAQ Produit"},"content":{"rendered":"<div class=\"et_pb_section_0 et_pb_section et_section_regular et_flex_section\">\n<div class=\"et_pb_row_0 et_pb_row et_flex_row\">\n<div class=\"et_pb_column_0 et_pb_column et-last-child et_flex_column et_pb_css_mix_blend_mode_passthrough et_flex_column_24_24 et_flex_column_24_24_tablet et_flex_column_24_24_phone et_flex_column_24_24_phoneWide et_flex_column_24_24_tabletWide et_flex_column_24_24_widescreen et_flex_column_24_24_ultraWide\">\n<div class=\"et_pb_text_0 et_pb_text et_pb_bg_layout_light et_pb_module et_flex_module\"><div class=\"et_pb_text_inner\"><h1>FAQ Produit<\/h1>\n<\/div><\/div>\n<\/div>\n<\/div>\n\n<div class=\"et_pb_row_1 et_pb_row et_flex_row\">\n<div class=\"et_pb_column_1 et_pb_column et_flex_column et_pb_css_mix_blend_mode_passthrough et_flex_column_24_24 et_flex_column_24_24_tablet et_flex_column_24_24_phone et_flex_column_24_24_phoneWide et_flex_column_24_24_tabletWide et_flex_column_24_24_widescreen et_flex_column_24_24_ultraWide\">\n<div class=\"et_pb_blurb_0 et_pb_blurb et_pb_bg_layout_light et_pb_blurb_position_left et_pb_module et_flex_module\"><div class=\"et_pb_blurb_content et_flex_module\"><div class=\"et_pb_main_blurb_image\"><span class=\"et_pb_image_wrap\"><span class=\"et-pb-icon et-waypoint et_pb_animation_top et_pb_animation_top_tablet et_pb_animation_top_phone\">\uf0eb<\/span><\/span><\/div><div class=\"et_pb_blurb_container\"><h3 class=\"et_pb_module_header\">Onboarding<\/h3><\/div><\/div><\/div>\n<\/div>\n\n<div class=\"et_pb_column_2 et_pb_column et-last-child et_flex_column et_pb_css_mix_blend_mode_passthrough et_flex_column_24_24 et_flex_column_24_24_tablet et_flex_column_24_24_phone et_flex_column_24_24_phoneWide et_flex_column_24_24_tabletWide et_flex_column_24_24_widescreen et_flex_column_24_24_ultraWide\">\n<div class=\"dipi_faq_0 dipi_faq et_pb_bg_layout_light et_pb_module preset--module--dipi-faq--default\"><div class=\"dipi-faq-wrapper dipi-faq-toggles loading \" style=\"display: none;\" data-config=\"{&quot;layout&quot;:&quot;toggles&quot;}\">\n\t\t\t\t<script type=\"application\/ld+json\">{\"@context\":\"https:\\\/\\\/schema.org\",\"@type\":\"FAQPage\",\"@id\":\"https:\\\/\\\/support.contentcrea.com\\\/fr\\\/faq-produit\\\/\",\"mainEntity\":[{\"@type\":\"Question\",\"name\":\"Puis-je red\\u00e9marrer le processus d'onboarding ?\",\"acceptedAnswer\":{\"@type\":\"Answer\",\"text\":\"<p>Oui, vous pouvez red\\u00e9marrer le processus d'int\\u00e9gration \\u00e0 tout moment. Il vous suffit de vous rendre dans la section <strong data-start=\\\"182\\\" data-end=\\\"200\\\">Administration<\\\/strong> et de cliquer sur le bouton <strong data-start=\\\"226\\\" data-end=\\\"235\\\">R\\u00e9initialiser<\\\/strong>. Confirmez votre choix en saisissant <strong data-start=\\\"274\\\" data-end=\\\"283\\\">RESET<\\\/strong>. Veuillez noter que toutes vos donn\\u00e9es seront d\\u00e9finitivement supprim\\u00e9es et que le processus d'int\\u00e9gration recommencera depuis le d\\u00e9but.<\\\/p>\\n\"}},{\"@type\":\"Question\",\"name\":\"Pourquoi la description de mon entreprise est-elle importante ?\",\"acceptedAnswer\":{\"@type\":\"Answer\",\"text\":\"<p>Cette description est essentielle pour comprendre clairement votre activit\\u00e9 principale ou votre type d&rsquo;organisation, votre secteur d&rsquo;activit\\u00e9, les services et produits que vous proposez, votre public cible et votre positionnement. Elle doit \\u00eatre factuelle, pr\\u00e9cise et claire pour que notre solution puisse vous fournir les suggestions les plus pertinentes.<\\\/p>\\n\"}},{\"@type\":\"Question\",\"name\":\"Pourquoi la personnalit\\u00e9 de mon organisation est-elle importante ?\",\"acceptedAnswer\":{\"@type\":\"Answer\",\"text\":\"<p>Elle est importante car elle d\\u00e9termine la mani\\u00e8re dont vous vous pr\\u00e9sentez \\u00e0 votre public par le biais du contenu. Nous vous en proposons une, bas\\u00e9e sur des donn\\u00e9es recueillies en ligne. Vous pouvez l&rsquo;approuver telle quelle ou l&rsquo;ajuster maintenant ou plus tard.<a href=\\\"https:\\\/\\\/contentcrea.com\\\/fr\\\/concepts-du-marketing-de-contenu\\\/personnalite-adn\\\/\\\" target=\\\"_blank\\\" rel=\\\"noopener\\\">(En savoir plus<\\\/a>)<\\\/p>\\n\"}}]}<\/script><div class=\"dipi-faq-entry\" data-entry-number=\"0\">\n                        <div class=\"dipi-faq-title\"><i class=\"dipi-faq-icon-open\">3<\/i><i class=\"dipi-faq-icon-closed\">5<\/i><h4>Puis-je red\u00e9marrer le processus d&rsquo;onboarding ?<\/h4><\/div>\n                        <div class=\"dipi-faq-content\"><p>Oui, vous pouvez red\u00e9marrer le processus d&rsquo;int\u00e9gration \u00e0 tout moment. Il vous suffit de vous rendre dans la section <strong data-start=\"182\" data-end=\"200\">Administration<\/strong> et de cliquer sur le bouton <strong data-start=\"226\" data-end=\"235\">R\u00e9initialiser<\/strong>. Confirmez votre choix en saisissant <strong data-start=\"274\" data-end=\"283\">RESET<\/strong>. Veuillez noter que toutes vos donn\u00e9es seront d\u00e9finitivement supprim\u00e9es et que le processus d&rsquo;int\u00e9gration recommencera depuis le d\u00e9but.<\/p>\n<\/div>\n                    <\/div><div class=\"dipi-faq-entry\" data-entry-number=\"1\">\n                        <div class=\"dipi-faq-title\"><i class=\"dipi-faq-icon-open\">3<\/i><i class=\"dipi-faq-icon-closed\">5<\/i><h4>Pourquoi la description de mon entreprise est-elle importante ?<\/h4><\/div>\n                        <div class=\"dipi-faq-content\"><p>Cette description est essentielle pour comprendre clairement votre activit\u00e9 principale ou votre type d&rsquo;organisation, votre secteur d&rsquo;activit\u00e9, les services et produits que vous proposez, votre public cible et votre positionnement. Elle doit \u00eatre factuelle, pr\u00e9cise et claire pour que notre solution puisse vous fournir les suggestions les plus pertinentes.<\/p>\n<\/div>\n                    <\/div><div class=\"dipi-faq-entry\" data-entry-number=\"2\">\n                        <div class=\"dipi-faq-title\"><i class=\"dipi-faq-icon-open\">3<\/i><i class=\"dipi-faq-icon-closed\">5<\/i><h4>Pourquoi la personnalit\u00e9 de mon organisation est-elle importante ?<\/h4><\/div>\n                        <div class=\"dipi-faq-content\"><p>Elle est importante car elle d\u00e9termine la mani\u00e8re dont vous vous pr\u00e9sentez \u00e0 votre public par le biais du contenu. Nous vous en proposons une, bas\u00e9e sur des donn\u00e9es recueillies en ligne. Vous pouvez l&rsquo;approuver telle quelle ou l&rsquo;ajuster maintenant ou plus tard.<a href=\"https:\/\/contentcrea.com\/fr\/concepts-du-marketing-de-contenu\/personnalite-adn\/\" target=\"_blank\" rel=\"noopener\">(En savoir plus<\/a>)<\/p>\n<\/div>\n                    <\/div>\n\t\t\t<\/div><\/div>\n<\/div>\n<\/div>\n\n<div class=\"et_pb_row_2 et_pb_row et_flex_row\">\n<div class=\"et_pb_column_3 et_pb_column et_flex_column et_pb_css_mix_blend_mode_passthrough et_flex_column_24_24 et_flex_column_24_24_tablet et_flex_column_24_24_phone et_flex_column_24_24_phoneWide et_flex_column_24_24_tabletWide et_flex_column_24_24_widescreen et_flex_column_24_24_ultraWide\">\n<div class=\"et_pb_blurb_1 et_pb_blurb et_pb_bg_layout_light et_pb_blurb_position_left et_pb_module et_flex_module\"><div class=\"et_pb_blurb_content et_flex_module\"><div class=\"et_pb_main_blurb_image\"><span class=\"et_pb_image_wrap\"><span class=\"et-pb-icon et-waypoint et_pb_animation_top et_pb_animation_top_tablet et_pb_animation_top_phone\">\uf0eb<\/span><\/span><\/div><div class=\"et_pb_blurb_container\"><h3 class=\"et_pb_module_header\">Agenda<\/h3><\/div><\/div><\/div>\n<\/div>\n\n<div class=\"et_pb_column_4 et_pb_column et-last-child et_flex_column et_pb_css_mix_blend_mode_passthrough et_flex_column_24_24 et_flex_column_24_24_tablet et_flex_column_24_24_phone et_flex_column_24_24_phoneWide et_flex_column_24_24_tabletWide et_flex_column_24_24_widescreen et_flex_column_24_24_ultraWide\">\n<div class=\"dipi_faq_1 dipi_faq et_pb_bg_layout_light et_pb_module preset--module--dipi-faq--default\"><div class=\"dipi-faq-wrapper dipi-faq-toggles loading \" style=\"display: none;\" data-config=\"{&quot;layout&quot;:&quot;toggles&quot;}\">\n\t\t\t\t<script type=\"application\/ld+json\">{\"@context\":\"https:\\\/\\\/schema.org\",\"@type\":\"FAQPage\",\"@id\":\"https:\\\/\\\/support.contentcrea.com\\\/fr\\\/faq-produit\\\/\",\"mainEntity\":[]}<\/script>\n\t\t\t<\/div><\/div>\n<\/div>\n<\/div>\n\n<div class=\"et_pb_row_3 et_pb_row et_flex_row\">\n<div class=\"et_pb_column_5 et_pb_column et_flex_column et_pb_css_mix_blend_mode_passthrough et_flex_column_24_24 et_flex_column_24_24_tablet et_flex_column_24_24_phone et_flex_column_24_24_phoneWide et_flex_column_24_24_tabletWide et_flex_column_24_24_widescreen et_flex_column_24_24_ultraWide\">\n<div class=\"et_pb_blurb_2 et_pb_blurb et_pb_bg_layout_light et_pb_blurb_position_left et_pb_module et_flex_module\"><div class=\"et_pb_blurb_content et_flex_module\"><div class=\"et_pb_main_blurb_image\"><span class=\"et_pb_image_wrap\"><span class=\"et-pb-icon et-waypoint et_pb_animation_top et_pb_animation_top_tablet et_pb_animation_top_phone\">\uf0eb<\/span><\/span><\/div><div class=\"et_pb_blurb_container\"><h3 class=\"et_pb_module_header\">Persona<\/h3><\/div><\/div><\/div>\n<\/div>\n\n<div class=\"et_pb_column_6 et_pb_column et-last-child et_flex_column et_pb_css_mix_blend_mode_passthrough et_flex_column_24_24 et_flex_column_24_24_tablet et_flex_column_24_24_phone et_flex_column_24_24_phoneWide et_flex_column_24_24_tabletWide et_flex_column_24_24_widescreen et_flex_column_24_24_ultraWide\">\n<div class=\"dipi_faq_2 dipi_faq et_pb_bg_layout_light et_pb_module preset--module--dipi-faq--default\"><div class=\"dipi-faq-wrapper dipi-faq-toggles loading \" style=\"display: none;\" data-config=\"{&quot;layout&quot;:&quot;toggles&quot;}\">\n\t\t\t\t<script type=\"application\/ld+json\">{\"@context\":\"https:\\\/\\\/schema.org\",\"@type\":\"FAQPage\",\"@id\":\"https:\\\/\\\/support.contentcrea.com\\\/fr\\\/faq-produit\\\/\",\"mainEntity\":[]}<\/script>\n\t\t\t<\/div><\/div>\n<\/div>\n<\/div>\n\n<div class=\"et_pb_row_4 et_pb_row et_flex_row\">\n<div class=\"et_pb_column_7 et_pb_column et_flex_column et_pb_css_mix_blend_mode_passthrough et_flex_column_24_24 et_flex_column_24_24_tablet et_flex_column_24_24_phone et_flex_column_24_24_phoneWide et_flex_column_24_24_tabletWide et_flex_column_24_24_widescreen et_flex_column_24_24_ultraWide\">\n<div class=\"et_pb_blurb_3 et_pb_blurb et_pb_bg_layout_light et_pb_blurb_position_left et_pb_module et_flex_module\"><div class=\"et_pb_blurb_content et_flex_module\"><div class=\"et_pb_main_blurb_image\"><span class=\"et_pb_image_wrap\"><span class=\"et-pb-icon et-waypoint et_pb_animation_top et_pb_animation_top_tablet et_pb_animation_top_phone\">\uf0eb<\/span><\/span><\/div><div class=\"et_pb_blurb_container\"><h3 class=\"et_pb_module_header\">Plan<\/h3><\/div><\/div><\/div>\n<\/div>\n\n<div class=\"et_pb_column_8 et_pb_column et-last-child et_flex_column et_pb_css_mix_blend_mode_passthrough et_flex_column_24_24 et_flex_column_24_24_tablet et_flex_column_24_24_phone et_flex_column_24_24_phoneWide et_flex_column_24_24_tabletWide et_flex_column_24_24_widescreen et_flex_column_24_24_ultraWide\">\n<div class=\"dipi_faq_3 dipi_faq et_pb_bg_layout_light et_pb_module preset--module--dipi-faq--default\"><div class=\"dipi-faq-wrapper dipi-faq-toggles loading \" style=\"display: none;\" data-config=\"{&quot;layout&quot;:&quot;toggles&quot;}\">\n\t\t\t\t<script type=\"application\/ld+json\">{\"@context\":\"https:\\\/\\\/schema.org\",\"@type\":\"FAQPage\",\"@id\":\"https:\\\/\\\/support.contentcrea.com\\\/fr\\\/faq-produit\\\/\",\"mainEntity\":[]}<\/script>\n\t\t\t<\/div><\/div>\n<\/div>\n<\/div>\n\n<div class=\"et_pb_row_5 et_pb_row et_flex_row\">\n<div class=\"et_pb_column_9 et_pb_column et_flex_column et_pb_css_mix_blend_mode_passthrough et_flex_column_24_24 et_flex_column_24_24_tablet et_flex_column_24_24_phone et_flex_column_24_24_phoneWide et_flex_column_24_24_tabletWide et_flex_column_24_24_widescreen et_flex_column_24_24_ultraWide\">\n<div class=\"et_pb_blurb_4 et_pb_blurb et_pb_bg_layout_light et_pb_blurb_position_left et_pb_module et_flex_module\"><div class=\"et_pb_blurb_content et_flex_module\"><div class=\"et_pb_main_blurb_image\"><span class=\"et_pb_image_wrap\"><span class=\"et-pb-icon et-waypoint et_pb_animation_top et_pb_animation_top_tablet et_pb_animation_top_phone\">\uf0eb<\/span><\/span><\/div><div class=\"et_pb_blurb_container\"><h3 class=\"et_pb_module_header\">\u00c9diteur<\/h3><\/div><\/div><\/div>\n<\/div>\n\n<div class=\"et_pb_column_10 et_pb_column et-last-child et_flex_column et_pb_css_mix_blend_mode_passthrough et_flex_column_24_24 et_flex_column_24_24_tablet et_flex_column_24_24_phone et_flex_column_24_24_phoneWide et_flex_column_24_24_tabletWide et_flex_column_24_24_widescreen et_flex_column_24_24_ultraWide\">\n<div class=\"dipi_faq_4 dipi_faq et_pb_bg_layout_light et_pb_module preset--module--dipi-faq--default\"><div class=\"dipi-faq-wrapper dipi-faq-toggles loading \" style=\"display: none;\" data-config=\"{&quot;layout&quot;:&quot;toggles&quot;}\">\n\t\t\t\t<script type=\"application\/ld+json\">{\"@context\":\"https:\\\/\\\/schema.org\",\"@type\":\"FAQPage\",\"@id\":\"https:\\\/\\\/support.contentcrea.com\\\/fr\\\/faq-produit\\\/\",\"mainEntity\":[]}<\/script>\n\t\t\t<\/div><\/div>\n<\/div>\n<\/div>\n\n<div class=\"et_pb_row_6 et_pb_row et_flex_row\">\n<div class=\"et_pb_column_11 et_pb_column et_flex_column et_pb_css_mix_blend_mode_passthrough et_flex_column_24_24 et_flex_column_24_24_tablet et_flex_column_24_24_phone et_flex_column_24_24_phoneWide et_flex_column_24_24_tabletWide et_flex_column_24_24_widescreen et_flex_column_24_24_ultraWide\">\n<div class=\"et_pb_blurb_5 et_pb_blurb et_pb_bg_layout_light et_pb_blurb_position_left et_pb_module et_flex_module\"><div class=\"et_pb_blurb_content et_flex_module\"><div class=\"et_pb_main_blurb_image\"><span class=\"et_pb_image_wrap\"><span class=\"et-pb-icon et-waypoint et_pb_animation_top et_pb_animation_top_tablet et_pb_animation_top_phone\">\uf0eb<\/span><\/span><\/div><div class=\"et_pb_blurb_container\"><h3 class=\"et_pb_module_header\">Espace de travail<\/h3><\/div><\/div><\/div>\n<\/div>\n\n<div class=\"et_pb_column_12 et_pb_column et-last-child et_flex_column et_pb_css_mix_blend_mode_passthrough et_flex_column_24_24 et_flex_column_24_24_tablet et_flex_column_24_24_phone et_flex_column_24_24_phoneWide et_flex_column_24_24_tabletWide et_flex_column_24_24_widescreen et_flex_column_24_24_ultraWide\">\n<div class=\"dipi_faq_5 dipi_faq et_pb_bg_layout_light et_pb_module preset--module--dipi-faq--default\"><div class=\"dipi-faq-wrapper dipi-faq-toggles loading \" style=\"display: none;\" data-config=\"{&quot;layout&quot;:&quot;toggles&quot;}\">\n\t\t\t\t<script type=\"application\/ld+json\">{\"@context\":\"https:\\\/\\\/schema.org\",\"@type\":\"FAQPage\",\"@id\":\"https:\\\/\\\/support.contentcrea.com\\\/fr\\\/faq-produit\\\/\",\"mainEntity\":[]}<\/script>\n\t\t\t<\/div><\/div>\n<\/div>\n<\/div>\n<\/div>","protected":false},"excerpt":{"rendered":"","protected":false},"author":1,"featured_media":0,"parent":0,"menu_order":0,"comment_status":"closed","ping_status":"closed","template":"","meta":{"footnotes":""},"dipi_cpt_category":[],"class_list":["post-151","page","type-page","status-publish","hentry"],"_links":{"self":[{"href":"https:\/\/support.contentcrea.com\/fr\/wp-json\/wp\/v2\/pages\/151","targetHints":{"allow":["GET"]}}],"collection":[{"href":"https:\/\/support.contentcrea.com\/fr\/wp-json\/wp\/v2\/pages"}],"about":[{"href":"https:\/\/support.contentcrea.com\/fr\/wp-json\/wp\/v2\/types\/page"}],"author":[{"embeddable":true,"href":"https:\/\/support.contentcrea.com\/fr\/wp-json\/wp\/v2\/users\/1"}],"replies":[{"embeddable":true,"href":"https:\/\/support.contentcrea.com\/fr\/wp-json\/wp\/v2\/comments?post=151"}],"version-history":[{"count":0,"href":"https:\/\/support.contentcrea.com\/fr\/wp-json\/wp\/v2\/pages\/151\/revisions"}],"wp:attachment":[{"href":"https:\/\/support.contentcrea.com\/fr\/wp-json\/wp\/v2\/media?parent=151"}],"wp:term":[{"taxonomy":"dipi_cpt_category","embeddable":true,"href":"https:\/\/support.contentcrea.com\/fr\/wp-json\/wp\/v2\/dipi_cpt_category?post=151"}],"curies":[{"name":"wp","href":"https:\/\/api.w.org\/{rel}","templated":true}]}}